{"id":187,"date":"2024-07-03T18:53:09","date_gmt":"2024-07-03T16:53:09","guid":{"rendered":"https:\/\/abogadaenextranjeria.com\/wordpress\/?page_id=187"},"modified":"2024-07-17T17:12:11","modified_gmt":"2024-07-17T15:12:11","slug":"politica-de-cookies","status":"publish","type":"page","link":"https:\/\/abogadaenextranjeria.com\/?page_id=187","title":{"rendered":"Pol\u00edtica de Cookies"},"content":{"rendered":"\n<p class=\"has-heading-font-family\">El presente Sitio Web utiliza cookies propias, y en su caso, de terceros. Seg\u00fan la R.A.E. las cookies son un&nbsp;<em>\u201cpeque\u00f1o archivo de texto enviado por un sitio web y almacenado en el navegador del usuario, cuyas actividades y preferencias captura\u201d.<\/em><\/p>\n\n\n\n<p class=\"has-heading-font-family\">La finalidad de la utilizaci\u00f3n de cookies por este Sitio Web consiste en la mejora de la prestaci\u00f3n del servicio. Las mismas analizar\u00e1n el modo en el que el usuario interact\u00faa con nuestro Sitio Web. Los datos recabados para ello informar\u00e1n de uso que se realiza del Sitio Web, algunos ejemplos son: la fecha y hora en la que se visita el Sitio Web, las p\u00e1ginas que ha consultado, el tiempo de permanencia en el Sitio Web o los sitios webs visitados inmediatamente antes y despu\u00e9s del presente. Aquellas cookies que recaben informaci\u00f3n que permita la identificaci\u00f3n del usuario ser\u00e1n tomadas como datos personales, y por lo tanto les ser\u00e1 de aplicaci\u00f3n la Pol\u00edtica de Privacidad.<\/p>\n\n\n\n<p class=\"has-heading-font-family\">Podemos clasificar las Cookies seg\u00fan si requieren del consentimiento del usuario (exceptuadas y no exceptuadas), seg\u00fan la entidad que las gestione (cookies propias o de terceros), por el tiempo que permanecen activas (de sesi\u00f3n o persistentes), o en funci\u00f3n de su finalidad (t\u00e9cnicas, de personalizaci\u00f3n, de an\u00e1lisis, publicitarias, de publicidad comportamental, de complementos, de reproductor multimedia, etc.)<\/p>\n\n\n\n<p class=\"has-heading-font-family\">El usuario est\u00e1 facultado para deshabilitarlas en cualquier momento con las consecuencias que esto conlleva. A menudo los navegadores aceptan cookies autom\u00e1ticamente, pero puede rechazarlas en su configuraci\u00f3n.<\/p>\n\n\n\n<p class=\"has-heading-font-family\">En el Sitio Web se utiliza las siguientes cookies:<\/p>\n\n\n\n<details class=\"wp-block-details has-heading-font-family is-layout-flow wp-block-details-is-layout-flow\"><summary>Tokens de estado privado<\/summary>\n<p>Pretenden garantizar la autenticidad del usuario que interact\u00faa con el sitio web, distinguiendo al mismo de los bots. No permite la identificaci\u00f3n del usuario.<\/p>\n<\/details>\n\n\n\n<details class=\"wp-block-details has-heading-font-family is-layout-flow wp-block-details-is-layout-flow\"><summary>Cache storage<\/summary>\n<p><\/p>\n<\/details>\n\n\n\n<details class=\"wp-block-details is-layout-flow wp-block-details-is-layout-flow\"><summary>Shared storage<\/summary>\n<p><\/p>\n<\/details>\n\n\n\n<details class=\"wp-block-details has-heading-font-family is-layout-flow wp-block-details-is-layout-flow\"><summary>Interest groups<\/summary>\n<p><\/p>\n<\/details>\n\n\n\n<p><\/p>\n","protected":false},"excerpt":{"rendered":"<p>El presente Sitio Web utiliza cookies propias, y en su caso, de terceros. Seg\u00fan la R.A.E. las cookies son un&nbsp;\u201cpeque\u00f1o archivo de texto enviado por un sitio web y almacenado en el navegador del usuario, cuyas actividades y preferencias captura\u201d. La finalidad de la utilizaci\u00f3n de cookies por este Sitio Web consiste en la mejora [&hellip;]<\/p>\n","protected":false},"author":1,"featured_media":0,"parent":0,"menu_order":0,"comment_status":"closed","ping_status":"closed","template":"","meta":{"footnotes":""},"class_list":["post-187","page","type-page","status-publish","hentry"],"_links":{"self":[{"href":"https:\/\/abogadaenextranjeria.com\/index.php?rest_route=\/wp\/v2\/pages\/187","targetHints":{"allow":["GET"]}}],"collection":[{"href":"https:\/\/abogadaenextranjeria.com\/index.php?rest_route=\/wp\/v2\/pages"}],"about":[{"href":"https:\/\/abogadaenextranjeria.com\/index.php?rest_route=\/wp\/v2\/types\/page"}],"author":[{"embeddable":true,"href":"https:\/\/abogadaenextranjeria.com\/index.php?rest_route=\/wp\/v2\/users\/1"}],"replies":[{"embeddable":true,"href":"https:\/\/abogadaenextranjeria.com\/index.php?rest_route=%2Fwp%2Fv2%2Fcomments&post=187"}],"version-history":[{"count":4,"href":"https:\/\/abogadaenextranjeria.com\/index.php?rest_route=\/wp\/v2\/pages\/187\/revisions"}],"predecessor-version":[{"id":280,"href":"https:\/\/abogadaenextranjeria.com\/index.php?rest_route=\/wp\/v2\/pages\/187\/revisions\/280"}],"wp:attachment":[{"href":"https:\/\/abogadaenextranjeria.com\/index.php?rest_route=%2Fwp%2Fv2%2Fmedia&parent=187"}],"curies":[{"name":"wp","href":"https:\/\/api.w.org\/{rel}","templated":true}]}}